{"id":5157,"date":"2021-09-27T15:58:07","date_gmt":"2021-09-27T13:58:07","guid":{"rendered":"https:\/\/spm360.com\/politica-de-cookies"},"modified":"2021-09-27T18:06:11","modified_gmt":"2021-09-27T16:06:11","slug":"politica-cookies","status":"publish","type":"page","link":"https:\/\/spm360.com\/ca\/politica-cookies","title":{"rendered":"Pol\u00edtica de cookies"},"content":{"rendered":"<h2>Qu\u00e8 s\u00f3n i per a qu\u00e8 les utilitzem?<\/h2>\n<p>Aquest lloc web, a l&#8217;igual que la majoria de llocs web a Internet, utilitza cookies per millorar l&#8217;experi\u00e8ncia de l&#8217;usuari. A continuaci\u00f3, trobareu informaci\u00f3 sobre qu\u00e8 s\u00f3n les galetes, quin tipus de cookies utilitza aquest portal, com pot desactivar les cookies en el seu navegador i com desactivar espec\u00edficament la instal\u00b7laci\u00f3 de les galetes de tercers.<\/p>\n<h2>Qu\u00e8 s\u00f3n les cookies?<\/h2>\n<p>Les cookies s\u00f3n petits arxius que algunes plataformes, com les p\u00e0gines web, poden instal\u00b7lar al seu ordinador, tel\u00e8fon intel\u00b7ligent, tauleta o televisi\u00f3 connectada. Les seves funcions poden ser molt variades: emmagatzemar les seves prefer\u00e8ncies de navegaci\u00f3, recopilar informaci\u00f3 estad\u00edstica, permetre certes funcionalitats t\u00e8cniques, etc\u00e8tera. De vegades, les galetes s&#8217;utilitzen per emmagatzemar informaci\u00f3 b\u00e0sica sobre els h\u00e0bits de navegaci\u00f3 d&#8217;l&#8217;usuari o del seu equip, fins al punt, segons els casos, de poder recon\u00e8ixer-ho.<\/p>\n<h2>Per qu\u00e8 s\u00f3n importants?<\/h2>\n<p>Les cookies s\u00f3n \u00fatils per a diversos motius. Des d&#8217;un punt de vista t\u00e8cnic, permeten que les p\u00e0gines web funcionin de forma m\u00e9s \u00e0gil i adaptada a les seves prefer\u00e8ncies, com ara emmagatzemar el seu idioma o la moneda del seu pa\u00eds. A m\u00e9s, ajuden els responsables dels llocs web a millorar els serveis que ofereixen, gr\u00e0cies a la informaci\u00f3 estad\u00edstica que recullen a trav\u00e9s d&#8217;elles.<\/p>\n<h2>Tipologia, Finalitat i Funcionament de les Cookies<\/h2>\n<p>Les galetes, en funci\u00f3 de la seva perman\u00e8ncia, poden dividir-se en galetes de sessi\u00f3 o permanents. Les primeres expiren quan l&#8217;usuari tanca el navegador. Les segones expiren en funci\u00f3 quan es compleixi l&#8217;objectiu per al qual serveixen (per exemple, perqu\u00e8 l&#8217;usuari es mantingui identificat a les p\u00e0gines de www.spm360.com) o b\u00e9 quan s&#8217;esborren manualment.<\/p>\n<p>Addicionalment, en funci\u00f3 del seu objectiu, les galetes pots classificar de la seg\u00fcent manera:<\/p>\n<p><strong>Galetes de Rendiment<\/strong>: Aquest tipus de galeta recorda les teves prefer\u00e8ncies per a les eines que es troben a les p\u00e0gines, de manera que no cal tornar a configurar cada vegada que la visites. A tall d&#8217;exemple, en aquesta tipologia s&#8217;inclouen:<\/p>\n<ul>\n<li>Ajustaments de volum de reproductors de v\u00eddeo o so.<\/li>\n<li>Les velocitats de transmissi\u00f3 de v\u00eddeo compatibles amb el seu navegador.<\/li>\n<\/ul>\n<p><strong>Galetes de Geolocalitzaci\u00f3<\/strong>: Aquestes galetes s\u00f3n utilitzades per esbrinar en quin pa\u00eds et trobes quan es navega per la web. Aquesta galeta \u00e9s totalment an\u00f2nima, i nom\u00e9s s&#8217;utilitza per ajudar a orientar el contingut a la teva ubicaci\u00f3.<\/p>\n<p><strong>Galetes de Registre<\/strong>: Les galetes de registre es generen un cop que l&#8217;usuari s&#8217;ha registrat o posteriorment ha obert la sessi\u00f3, i s&#8217;utilitzen per identificar-lo en les p\u00e0gines amb els seg\u00fcents objectius:<\/p>\n<ul>\n<li>Mantenir l&#8217;usuari identificat de manera que, si tanca una p\u00e0gina, el navegador o l&#8217;ordinador i en un altre moment o un altre dia torna a entrar en aquesta p\u00e0gina, seguir\u00e0 identificat, facilitant aix\u00ed la seva navegaci\u00f3 sense haver de tornar a identificar-se. Aquesta funcionalitat es pot suprimir si l&#8217;usuari prem la funcionalitat &#8220;tancar sessi\u00f3&#8221;, de manera que aquesta galeta s&#8217;elimina i la propera vegada que entri a la p\u00e0gina l&#8217;usuari haur\u00e0 d&#8217;iniciar sessi\u00f3 per estar identificat.<\/li>\n<li>Comprovar si l&#8217;usuari est\u00e0 autoritzat per accedir a certes p\u00e0gines, per exemple, per participar en un concurs.<\/li>\n<li>Addicionalment, algunes p\u00e0gines poden utilitzar connectors amb xarxes socials com Facebook, Instagram, Youtube o Twitter. Quan l&#8217;usuari es registra en una p\u00e0gina amb credencials d&#8217;una xarxa social, autoritza a la xarxa social a guardar una galeta persistent que recorda la seva identitat i li garanteix acc\u00e9s a les p\u00e0gines fins que expira. L&#8217;usuari pot esborrar aquesta galeta i revocar l&#8217;acc\u00e9s a les p\u00e0gines a trav\u00e9s de xarxes socials actualitzant les seves prefer\u00e8ncies a la xarxa social que espec\u00edfica.<\/li>\n<\/ul>\n<p><strong>Galetes de Anal\u00edtiques<\/strong>: Cada vegada que un usuari visita una p\u00e0gina, una eina d&#8217;un prove\u00efdor extern (en el nostre cas Google Analytics) genera una galeta anal\u00edtica a l&#8217;ordinador de l&#8217;usuari. Aquesta galeta que nom\u00e9s es genera en la visita, servir\u00e0 en futures visites a les p\u00e0gines de www.spm360.com per identificar de forma an\u00f2nima a l&#8217;visitant. Els objectius principals que es persegueixen s\u00f3n:<\/p>\n<ul>\n<li>Permetre la identificaci\u00f3 an\u00f2nima dels usuaris navegants a trav\u00e9s de la &#8220;galeta&#8221; (identifica navegadors i dispositius, no persones) i per tant la comptabilitzaci\u00f3 aproximada de el nombre de visitants i la seva tend\u00e8ncia en el temps.<\/li>\n<li>Identificar de forma an\u00f2nima els continguts m\u00e9s visitats i per tant m\u00e9s atractius per als usuaris.<\/li>\n<li>Saber si l&#8217;usuari que est\u00e0 accedint \u00e9s nou o repeteix visita.<\/li>\n<\/ul>\n<p><strong>Important<\/strong>: Llevat que l&#8217;usuari decideixi registrar-se al web de www.spm360.com, la &#8220;galeta&#8221; mai anir\u00e0 associada a cap dada de car\u00e0cter personal que pugui identificar-lo. Aquestes galetes nom\u00e9s seran utilitzades amb prop\u00f2sits estad\u00edstics que ajudin a l&#8217;optimitzaci\u00f3 de l&#8217;experi\u00e8ncia dels usuaris en el lloc.<\/p>\n<h2>Altres galetes de tercers<\/h2>\n<p>En algunes de les nostres p\u00e0gines es poden instal\u00b7lar cookies de tercers que permetin gestionar i millorar els serveis que aquests ofereixen. Un exemple d&#8217;aquest \u00fas s\u00f3n els enlla\u00e7os a les xarxes socials que permeten compartir els nostres continguts.<\/p>\n<h2>Com puc configurar les meves prefer\u00e8ncies?<\/h2>\n<p>Pot permetre, bloquejar o eliminar les cookies instal\u00b7lades en el seu equip mitjan\u00e7ant la configuraci\u00f3 de les opcions del seu navegador d&#8217;internet. En el cas en qu\u00e8 les bloquegi, \u00e9s possible que certs serveis que necessiten el seu \u00fas no estiguin disponibles per a vost\u00e8.<\/p>\n<h2>\u00das de Cookies<\/h2>\n<p>Les cookies s\u00f3n fitxers enviats a un navegador per mitj\u00e0 d&#8217;un servidor web per registrar les activitats de l&#8217;usuari en un web determinada. La primera finalitat de les cookies \u00e9s la de facilitar a l&#8217;usuari un acc\u00e9s m\u00e9s r\u00e0pid a les p\u00e0gines seleccionades.<\/p>\n<p>El web www.spm360.com utilitza cookies per personalitzar i facilitar el m\u00e0xim la navegaci\u00f3 de l&#8217;usuari. Les cookies s&#8217;associen \u00fanicament a un usuari an\u00f2nim i el seu ordinador i no proporcionen refer\u00e8ncies que permetin deduir dades personals de l&#8217;usuari. L&#8217;usuari podr\u00e0 configurar el seu navegador perqu\u00e8 notifiqui i rebutgi la instal\u00b7laci\u00f3 de les cookies enviades per la web de www.spm360.com, sense que aix\u00f2 perjudiqui la possibilitat de l&#8217;usuari d&#8217;accedir als continguts. No obstant aix\u00f2, et fem notar que, en tot cas, la qualitat de funcionament de la p\u00e0gina web pot disminuir.<\/p>\n<p>Aix\u00ed mateix, el web de www.spm360.com podr\u00e0 saber totes les p\u00e0gines visites pels usuaris, per la qual cosa pot facilitar o oferir informaci\u00f3 adequada als gustos i prefer\u00e8ncies de cada usuari.<\/p>\n<h2>Quins tipus de galetes utilitza aquest lloc web?<\/h2>\n<p>El lloc web www.spm360.com utilitza les galetes seg\u00fcents:<\/p>\n<\/p>\n<div class=\"table-1\">\n<table>\n<tbody>\n<tr>\n<td><strong>Nom<\/strong><\/td>\n<td><strong>Tipus<\/strong><\/td>\n<td><strong>Caducitat<\/strong><\/td>\n<td><strong>Finalitat<\/strong><\/td>\n<\/tr>\n<tr>\n<td><b><span lang=\"ES\">cookie_notice_accepted<\/span><\/b><\/td>\n<td>Pr\u00f2pia t\u00e8cnica<\/td>\n<td><span lang=\"ES\">Sessi\u00f3<\/span><\/td>\n<td>Galetes d&#8217;\u00fas intern necess\u00e0ria per al funcionament de la visualitzaci\u00f3 de la pol\u00edtica de cookies del web.<\/td>\n<\/tr>\n<tr>\n<td><b><span lang=\"ES\">wordpress_test_cookie<\/span><\/b><\/td>\n<td>Propia T\u00e9cnica<\/p>\n<p>M\u00e9s informaci\u00f3\u00a0<a href=\"https:\/\/www.wordfence.com\/terms-of-use-and-privacy-policy\/\" target=\"_blank\" rel=\"noopener nofollow\">aqu\u00ed<\/a><\/td>\n<td><span lang=\"ES\">Sessi\u00f3<\/span><\/td>\n<td>Cookie que s&#8217;usa perqu\u00e8 el gestor de continguts WordPress comprovi si el navegador t\u00e9 les galetes activades.<\/td>\n<\/tr>\n<tr>\n<td><b><span lang=\"ES\">pll_language<\/span><\/b><\/td>\n<td>Necess\u00e0ria \u2013 De personalitzaci\u00f3<\/td>\n<td>6 hores<\/td>\n<td>Cookie persistent i de personalitzaci\u00f3 que pertany a el plugin de WordPress Polylang i permet guardar l&#8217;idioma en qu\u00e8 es mostrar\u00e0 el lloc web a l&#8217;usuari.<\/td>\n<\/tr>\n<tr>\n<td><b><span lang=\"ES\">_ga<\/span><\/b><\/td>\n<td>Opcional. Anal\u00edtica \u2013 De tercers: Google Analytics<\/p>\n<p>M\u00e9s informaci\u00f3 <a href=\"https:\/\/developers.google.com\/analytics\/devguides\/collection\/analyticsjs\/cookie-usage?hl=es\" target=\"_blank\" rel=\"noopener noreferrer nofollow\">aqu\u00ed<\/a><\/td>\n<td>2 anys<\/td>\n<td>Es fa servir per controlar els visitants \u00fanics del web, emmagatzema un identificador de client \u00fanic.<\/p>\n<p>Addicionalment, aquesta galeta proporciona un identificador \u00fanic que Google Analytics utilitza per assegurar la validesa i l&#8217;accessibilitat de la galeta, aix\u00ed com una mesura de seguretat extra.<\/td>\n<\/tr>\n<tr>\n<td><strong>_<wbr \/>gac_<wbr \/>&lt;property-id&gt;<\/strong><\/td>\n<td>Opcional. Anal\u00edtica \u2013 De Tercers: Google \u00a0Analytics<\/p>\n<p>M\u00e9s informaci\u00f3\u00a0<a href=\"https:\/\/support.google.com\/google-ads\/answer\/7521212?hl=es\" target=\"_blank\" rel=\"noopener noreferrer nofollow\">aqu\u00ed<\/a><\/td>\n<td>90 dies<\/td>\n<td>Inclou informaci\u00f3 de la campanya relativa a l&#8217;usuari. S&#8217;usa per vincular els comptes d&#8217;Analytics i Google Ads. Les etiquetes de conversi\u00f3 en lloc web de Google Ads llegiran aquesta galeta, llevat que s&#8217;inhabiliti.<\/td>\n<\/tr>\n<tr>\n<td><b><span lang=\"ES\">_gid<\/span><\/b><\/td>\n<td>Opcional. Anal\u00edtica \u2013 De tercers: Google Analytics<\/p>\n<p>M\u00e9s informaci\u00f3\u00a0<a href=\"https:\/\/developers.google.com\/analytics\/devguides\/collection\/analyticsjs\/cookie-usage?hl=es\" target=\"_blank\" rel=\"noopener noreferrer nofollow\">aqu\u00ed<\/a><\/td>\n<td>24 hores<\/td>\n<td>Es fa servir per distingir els usuaris.<\/td>\n<\/tr>\n<\/tbody>\n<\/table>\n<\/div>\n<p>\n<h2>Com desactivar les Cookies els principals navegadors<\/h2>\n<p>Normalment \u00e9s possible deixar d&#8217;acceptar les galetes de el navegador, o deixar d&#8217;acceptar les galetes d&#8217;una p\u00e0gina en particular.<\/p>\n<p>Tots els navegadors moderns permeten canviar la configuraci\u00f3 de galetes. Aquest ajust normalment es troba en les &#8220;Opcions&#8221; o &#8220;Prefer\u00e8ncies&#8221; de el men\u00fa del seu navegador.<\/p>\n<p>El web de www.spm360.com ofereixen orientaci\u00f3 a l&#8217;usuari sobre els passos per accedir a men\u00fa de configuraci\u00f3 de les galetes i, si escau, de la navegaci\u00f3 privada a cadascun dels navegadors principals:<\/p>\n<ul>\n<li>Internet Explorer: Eines -&gt; Opcions d&#8217;Internet -&gt; Privacitat -&gt; Configuraci\u00f3.\n<ul>\n<li>Per a m\u00e9s informaci\u00f3, podeu consultar el suport de Microsoft o l&#8217;Ajuda de el navegador.<\/li>\n<\/ul>\n<\/li>\n<li>Firefox: Eines -&gt; Opcions -&gt; Privadesa -&gt; Hist\u00f2ric -&gt; Configuraci\u00f3 Personalitzada.\n<ul>\n<li>Per a m\u00e9s informaci\u00f3, podeu consultar el suport de Mozilla o l&#8217;Ajuda de el navegador.<\/li>\n<\/ul>\n<\/li>\n<li>Chrome: Configuraci\u00f3 -&gt; Mostra opcions avan\u00e7ades -&gt; Privadesa -&gt; Configuraci\u00f3 de contingut.\n<ul>\n<li>Per a m\u00e9s informaci\u00f3, podeu consultar el suport de Google o l&#8217;Ajuda de el navegador.<\/li>\n<\/ul>\n<\/li>\n<li>Safari: Prefer\u00e8ncies -&gt; Seguretat.\n<ul>\n<li>Per a m\u00e9s informaci\u00f3, podeu consultar el suport d&#8217;Apple o l&#8217;Ajuda de el navegador.<\/li>\n<\/ul>\n<\/li>\n<\/ul>\n<h2>Qu\u00e8 passa si es desactiven les galetes<\/h2>\n<p>Algunes funcionalitats de les p\u00e0gines quedaran desactivades com, per exemple, romandre identificat, rebre informaci\u00f3 adre\u00e7ada a la seva localitzaci\u00f3 o la visualitzaci\u00f3 d&#8217;alguns v\u00eddeos.<\/p>\n<h2>Actualitzaci\u00f3 i canvis en la pol\u00edtica de Cookies<\/h2>\n<p>El web de www.spm360.com pot modificar aquesta Pol\u00edtica de Cookies en funci\u00f3 d&#8217;exig\u00e8ncies legislatives, reglament\u00e0ries, o per tal d&#8217;adaptar aquesta pol\u00edtica a les instruccions dictades per l&#8217;Ag\u00e8ncia Espanyola de Protecci\u00f3 de Dades, per aix\u00f2 s&#8217;aconsella als usuaris que la visitin peri\u00f2dicament.<\/p>\n<p>Quan es produeixin canvis significatius en aquesta Pol\u00edtica de Cookies, es comunicaran als usuaris mitjan\u00e7ant el web.<\/p>\n<p>Respecte de les galetes de tercers, \u00e9s a dir aquelles que s\u00f3n alienes al nostre lloc web, no podem fer-nos responsables de el contingut i veracitat de les pol\u00edtiques de privacitat que ells inclouen de manera que la informaci\u00f3 que li oferim \u00e9s sempre amb refer\u00e8ncia a la font.<\/p>\n<p><strong>Darrera actualitzaci\u00f3: 06-07-2020<\/strong><\/p>\n","protected":false},"excerpt":{"rendered":"<p>Qu\u00e8 s\u00f3n i per a qu\u00e8 les utilitzem? Aquest lloc web, a l&#8217;igual que la majoria de llocs web a [&hellip;]<\/p>\n","protected":false},"author":5,"featured_media":0,"parent":0,"menu_order":0,"comment_status":"closed","ping_status":"closed","template":"","meta":{"footnotes":""},"class_list":["post-5157","page","type-page","status-publish","hentry"],"_links":{"self":[{"href":"https:\/\/spm360.com\/ca\/wp-json\/wp\/v2\/pages\/5157","targetHints":{"allow":["GET"]}}],"collection":[{"href":"https:\/\/spm360.com\/ca\/wp-json\/wp\/v2\/pages"}],"about":[{"href":"https:\/\/spm360.com\/ca\/wp-json\/wp\/v2\/types\/page"}],"author":[{"embeddable":true,"href":"https:\/\/spm360.com\/ca\/wp-json\/wp\/v2\/users\/5"}],"replies":[{"embeddable":true,"href":"https:\/\/spm360.com\/ca\/wp-json\/wp\/v2\/comments?post=5157"}],"version-history":[{"count":0,"href":"https:\/\/spm360.com\/ca\/wp-json\/wp\/v2\/pages\/5157\/revisions"}],"wp:attachment":[{"href":"https:\/\/spm360.com\/ca\/wp-json\/wp\/v2\/media?parent=5157"}],"curies":[{"name":"wp","href":"https:\/\/api.w.org\/{rel}","templated":true}]}}