{"id":5155,"date":"2021-09-27T15:47:33","date_gmt":"2021-09-27T13:47:33","guid":{"rendered":"https:\/\/spm360.com\/politica-de-privacitat-xarxes-socials"},"modified":"2021-09-27T18:04:37","modified_gmt":"2021-09-27T16:04:37","slug":"politica-privacitat-xarxes-socials","status":"publish","type":"page","link":"https:\/\/spm360.com\/ca\/politica-privacitat-xarxes-socials","title":{"rendered":"Pol\u00edtica de privacitat xarxes socials"},"content":{"rendered":"<p>En compliment de la Llei Org\u00e0nica 3\/2018, LOPD-GDD de Protecci\u00f3 de Dades Personals i Garantia i Drets Digitals, Reglament Europeu 2016\/679, de protecci\u00f3 de dades de car\u00e0cter personal, RGPD i la Llei 34\/2002, d&#8217;11 juliol, de Serveis de la Societat de la Informaci\u00f3 i de Comer\u00e7 Electr\u00f2nic, LSSICE, SPM Marketing en 360\u00b0 informa als Usuaris, que s&#8217;ha procedit a crear un perfil a les xarxes socials Facebook, Twitter, Instagram i Youtube amb la finalitat principal de donar informaci\u00f3 i publicitar els seus productes i serveis.<\/p>\n<p>SPM Marketing en 360\u00b0<br \/>\nC \/ Qu\u00edmica, 7. Nau 9-10<br \/>\n08740, Barcelona<br \/>\nwww.spm.com<br \/>\ninfo@spm360.com<\/p>\n<p>L&#8217;Usuari disposa d&#8217;un perfil a la mateixa Xarxa Social i ha decidit unir-se a la p\u00e0gina creada per SPM Marketing en 360\u00b0, mostrant aix\u00ed inter\u00e8s en la informaci\u00f3 que es publiciti a la Xarxa. A l&#8217;unir-se a la nostra p\u00e0gina, ens facilita el seu consentiment per el tractament de les dades personals publicades en el seu perfil.<\/p>\n<p>L&#8217;usuari pot accedir en tot moment a les pol\u00edtiques de privacitat de la pr\u00f2pia Xarxa Social, aix\u00ed com configurar el seu perfil per garantir la seva privacitat.<\/p>\n<p>SPM Marketing en 360\u00b0 tracta la informaci\u00f3 p\u00fablica de l&#8217;Usuari, especialment, el seu nom de contacte. Aquestes dades nom\u00e9s s\u00f3n utilitzats dins de la pr\u00f2pia Xarxa Social i no s\u00f3n incorporades a cap fitxer.<\/p>\n<p>En relaci\u00f3 als drets d&#8217;acc\u00e9s, rectificaci\u00f3, cancel\u00b7laci\u00f3 i oposici\u00f3, dels quals vost\u00e8 disposa i que poden ser exercits davant SPM Marketing en 360\u00b0, ha de tenir en compte els seg\u00fcents matisos:<\/p>\n<ul>\n<li><u>Dret d&#8217;Acc\u00e9s<\/u>: \u00c9s el dret de l&#8217;Usuari a obtenir informaci\u00f3 sobre les seves dades concretes de car\u00e0cter personal i de tractament que SPM Marketing en 360\u00b0 hagi realitzat o realitzi, aix\u00ed com de la informaci\u00f3 disponible sobre l&#8217;origen d&#8217;aquestes dades i les comunicacions realitzades o previstes dels mateixos . Aquest dret vindr\u00e0 definit per la funcionalitat de la Xarxa Social i la capacitat d&#8217;acc\u00e9s a la informaci\u00f3 dels perfils dels Usuaris.<\/li>\n<li><u>Dret de Rectificaci\u00f3<\/u>: \u00c9s el dret de l&#8217;afectat a qu\u00e8 es modifiquin les dades que resultin ser inexactes o incompletes. Nom\u00e9s podr\u00e0 satisfer-se en relaci\u00f3 a la informaci\u00f3 que es trobi sota el control de SPM Marketing en 360\u00b0 (Per exemple, eliminar comentaris publicats en el propi perfil). Normalment, aquest dret ha d&#8217;exercir davant la Xarxa Social.<\/li>\n<li><u>Dret de Cancel\u00b7laci\u00f3<\/u>: \u00c9s el dret a suprimir les dades de car\u00e0cter personal de l&#8217;Usuari, a excepci\u00f3 del que preveu altres lleis aplicables que determinin l&#8217;obligatorietat de la conservaci\u00f3 dels mateixos, en temps i forma. Dit dret es podr\u00e0 exercir, per exemple, mitjan\u00e7ant la desvinculaci\u00f3 de l&#8217;perfil a qu\u00e8 es troba unit.<\/li>\n<li><u>Dret d&#8217;oposici\u00f3<\/u>: \u00c9s el dret de l&#8217;Usuari a que no es dugui a terme el tractament de les seves dades de car\u00e0cter personal o se cessi el tractament dels mateixos per part de SPM Marketing en 360\u00b0 com en el dret de cancel\u00b7laci\u00f3, podr\u00e0 exercir, per exemple, mitjan\u00e7ant la desvinculaci\u00f3 de l&#8217;perfil a qu\u00e8 es troba unit.<\/li>\n<li><u>Dret a la Limitaci\u00f3<\/u>: L&#8217;interessat pot sol\u00b7licitar l&#8217;exercici del seu dret a limitar el tractament de les seves dades en els casos en qu\u00e8:\n<ul>\n<li>L&#8217;Interessat impugni l&#8217;exactitud de les dades.<\/li>\n<li>Quan les dades recollides no es necessitin per als fins de l&#8217;tractament, per\u00f2 si siguin necessaris per al reconeixement, exercici o defensa d&#8217;un procediment judicial.<\/li>\n<li>Quan l&#8217;Interessat s&#8217;oposi a el tractament mentre es verifica si prevalen els motius leg\u00edtims de l&#8217;responsable del Tractament als de l&#8217;Interessat.<\/li>\n<\/ul>\n<\/li>\n<\/ul>\n<ul>\n<li><u>Dret a la Portabilitat\/u>. El Interessat t\u00e9 dret a rebre les seves dades personals, per part de l&#8217;Responsable de Tractament a qu\u00e8 pr\u00e8viament li hagi fet lliurament dels mateixos, en un format estructurat, d&#8217;\u00fas habitual i de lectura mec\u00e0nica, amb l&#8217;objectiu de transmetre&#8217;ls a un altre Responsable, sense que ho impedeixi el responsable de Tractament a qu\u00e8 li hagu\u00e9s facilitat les dades pr\u00e8viament. Al seu torn, l&#8217;interessat en l&#8217;exercici del seu dret a la portabilitat, pot sol\u00b7licitar que les seves dades es transmetin directament a l&#8217;Responsable a Responsable.<\/li>\n<li><u>Dret a la Supressi\u00f3 i a l&#8217;Oblit<\/u>. L&#8217;Interessat t\u00e9 dret a la supressi\u00f3 de les seves dades personals quan:\n<ul>\n<li>Aquests no siguin necessaris per a la finalitat pel qual van ser recollides.<\/li>\n<li>Hi hagi retirat el consentiment i no hi hagi fonament jur\u00eddic que s&#8217;indiqui el contrari.<\/li>\n<li>Es hagi exercit el seu dret d&#8217;oposici\u00f3 a el tractament de les seves dades i no prevalguin motius leg\u00edtims per a aquest tractament.<\/li>\n<li>Les dades siguin tractades de manera l\u00edcita o hagin de suprimir-se per una obligaci\u00f3 jur\u00eddica a la qual estigui subjecte el Responsable de Tractament.<\/li>\n<li>Les dades s&#8217;hagin obtingut mitjan\u00e7ant una relaci\u00f3 amb l&#8217;oferta de serveis de la Societat de la Informaci\u00f3.<\/li>\n<\/ul>\n<\/li>\n<\/ul>\n<p>Per poder exercir qualsevol dels drets descrits anteriorment ha de complir els requisits seg\u00fcents:<br \/>\n<Ol><\/p>\n<li>Presentaci\u00f3 d&#8217;un escrit dirigit a SPM Marketing en 360\u00b0, a l&#8217;adre\u00e7a C \/ Qu\u00edmica, 7, Nau 9-10, 08740, Barcelona o b\u00e9 per correu electr\u00f2nic a <a href = \"mailto: info@spm360.com\">info@spm360.com<\/a>.<\/li>\n<li>L&#8217;escrit rem\u00e8s pel titular de les dades que sol\u00b7liciti l&#8217;exercici ha de complir els requisits legals:<br \/>\n<Ul><\/p>\n<li><u> Nom, cognoms de l&#8217;interessat i c\u00f2pia de l&#8217;DNI. <\/u> En els excepcionals casos en qu\u00e8 s&#8217;admeti la representaci\u00f3, ser\u00e0 tamb\u00e9 necess\u00e0ria la identificaci\u00f3 pel mateix mitj\u00e0 de la persona que el representa, aix\u00ed com el document acreditatiu de la representaci\u00f3. La fotoc\u00f2pia de l&#8217;DNI podr\u00e0 ser substitu\u00efda sempre que s&#8217;acrediti la identitat per qualsevol altre mitj\u00e0 v\u00e0lid en dret.<\/li>\n<li><u> Petici\u00f3 en qu\u00e8 es concreta la sol\u00b7licitud. <\/u> Si no fa refer\u00e8ncia a un arxiu concret se li facilitar\u00e0 tota la informaci\u00f3 que es tingui amb les seves dades de car\u00e0cter personal. Si sol\u00b7licita informaci\u00f3 d&#8217;un arxiu en concret, nom\u00e9s la informaci\u00f3 d&#8217;aquest fitxer. Si sol\u00b7licita informaci\u00f3 relativa a un tercer mai es podr\u00e0 facilitar. Si ho sol\u00b7licita per tel\u00e8fon se li indicar\u00e0 que ho faci per escrit i se li informar\u00e0 de com ho pot fer i la direcci\u00f3 a la qual l&#8217;ha de trametre.<\/li>\n<li><u> Domicili a efectes de notificacions. <\/u><\/li>\n<li><u> Data i signatura de l&#8217;signatari. <\/u><\/li>\n<\/ul>\n<\/li>\n<\/ol>\n<ol start = \"3\">\n<li>Documents acreditatius de la petici\u00f3 que es formula.<\/li>\n<li>L&#8217;interessat ha d&#8217;utilitzar qualsevol mitj\u00e0 que permeti acreditar l&#8217;enviament i la recepci\u00f3 de la sol\u00b7licitud.<\/li>\n<\/ol>\n<h2> Utilitzaci\u00f3 de l&#8217;perfil <\/h2>\n<p>SPM Marketing en 360\u00b0 realitzar\u00e0 les seg\u00fcents actuacions:<br \/>\n<Ul><\/p>\n<li>Acc\u00e9s a la informaci\u00f3 p\u00fablica de l&#8217;perfil.<\/li>\n<li>Publicaci\u00f3 en el perfil de l&#8217;Usuari de tota aquella informaci\u00f3 ja publicada a la p\u00e0gina SPM Marketing en 360\u00b0.<\/li>\n<li>Envia missatges personals i individuals a trav\u00e9s dels canals de la Xarxa Social.<\/li>\n<li>Actualitzacions de l&#8217;estat de la p\u00e0gina que es publicaran en el perfil de l&#8217;Usuari.<\/li>\n<\/ul>\n<p>L&#8217;usuari sempre pot controlar les seves connexions, eliminar els continguts que deixin d&#8217;interessar i restringir amb qui comparteix les seves connexions; per aix\u00f2 haur\u00e0 d&#8217;accedir a la seva configuraci\u00f3 de privacitat.<\/p>\n<h2> Publicacions <\/h2>\n<p>L&#8217;Usuari, un cop unit a la p\u00e0gina de SPM Marketing en 360\u00b0, podr\u00e0 publicar en aquesta \u00faltima, comentaris, enlla\u00e7os, imatges o fotografies o qualsevol altre tipus de contingut multim\u00e8dia suportat per la Xarxa Social. L&#8217;usuari, en tots els casos, ha de ser el titular dels mateixos, gaudir dels drets d&#8217;autor i de propietat intel\u00b7lectual o comptar amb el consentiment dels tercers afectats. Es prohibeix expressament qualsevol publicaci\u00f3 en la p\u00e0gina, ja siguin textos, gr\u00e0fics, fotografies, v\u00eddeos, etc. que atemptin o siguin susceptibles d&#8217;atemptar contra la moral, l&#8217;\u00e8tica, el bon gust o el dec\u00f2rum, i \/ o que infringeixin, violin o infringeixin els drets de propietat intel\u00b7lectual o industrial, el dret a la imatge o la Llei. En aquests casos , SPM Marketing en 360\u00b0 es reserva el dret a retirar immediatament el contingut, podent sol\u00b7licitar el bloqueig permanent de l&#8217;Usuari.<\/p>\n<p>SPM Marketing en 360\u00b0 no es far\u00e0 responsable dels continguts que lliurement ha publicat un Usuari.<\/p>\n<p>L&#8217;Usuari ha de tenir present que les seves publicacions seran conegudes pels altres usuaris, de manera que aix\u00ed mateix \u00e9s el principal responsable de la seva privacitat.<\/p>\n<p>Les imatges que es puguin publicar a la p\u00e0gina no seran emmagatzemades a cap fitxer per part de SPM Marketing en 360\u00b0 per\u00f2 s\u00ed romandran a la Xarxa Social.<\/p>\n<h2> Concursos i promocions <\/h2>\n<p>SPM Marketing en 360\u00b0 es reserva el dret a realitzar concursos i promocions, en els quals podr\u00e0 participar l&#8217;Usuari unit a la seva p\u00e0gina. Les bases de cada un d&#8217;ells, quan s&#8217;utilitzi per a aix\u00f2 la plataforma de la Xarxa Social, seran publicades en la mateixa, complint sempre amb la LSSICE i amb qualsevol altra norma que li sigui d&#8217;aplicaci\u00f3.<\/p>\n<p>La Xarxa Social no patrocina, avala ni administra, de cap manera, cap de les nostres promocions, ni est\u00e0 associada a cap d&#8217;elles.<\/p>\n<h2> Publicitat <\/h2>\n<p>SPM Marketing en 360\u00b0 utilitzar\u00e0 la Xarxa Social per publicitar els seus productes i serveis. En tot cas, si decideix tractar les seves dades de contacte per a realitzar accions directes de prospecci\u00f3 comercial, ser\u00e0 sempre complint amb les exig\u00e8ncies legals de l&#8217;RGPD i de la LSSICE.<\/p>\n<p>No es considera publicitat el fet de recomanar a altres Usuaris la p\u00e0gina SPM Marketing en 360\u00b0 que tamb\u00e9 ells puguin gaudir de les promocions o estar informats de la seva activitat.<\/p>\n<p>A continuaci\u00f3 detallem l&#8217;enlla\u00e7 a la pol\u00edtica de privacitat de les diferents Xarxes Socials:<\/p>\n<ul>\n<li>Facebook:\u00a0<u><\/u><a href=\"https:\/\/www.facebook.com\/privacy\/explanation\" target=\"_blank\" rel=\"noopener nofollow\">https:\/\/www.facebook.com\/privacy\/explanation<\/a><\/li>\n<li>Twitter:\u00a0<a href=\"https:\/\/twitter.com\/privacy\" target=\"_blank\" rel=\"noopener nofollow\">https:\/\/twitter.com\/privacy<\/a><\/li>\n<li>YouTube:\u00a0<a href=\"http:\/\/www.youtube.com\/yt\/policyandsafety\/es\/\" target=\"_blank\" rel=\"noopener nofollow\">http:\/\/www.youtube.com\/yt\/policyandsafety\/es\/<\/a><\/li>\n<li>LinkedIn:\u00a0<a href=\"https:\/\/www.linkedin.com\/legal\/privacy-policy\" target=\"_blank\" rel=\"noopener nofollow\">https:\/\/www.linkedin.com\/legal\/privacy-policy<\/a><\/li>\n<li>Instagram:\u00a0<a href=\"https:\/\/www.facebook.com\/help\/instagram\/155833707900388\/\" target=\"_blank\" rel=\"noopener nofollow\">https:\/\/www.facebook.com\/help\/instagram\/155833707900388\/<\/a><\/li>\n<\/ul>\n<p><strong>Darrera actualizaci\u00f3: 06-07-2020<\/strong><\/p>\n","protected":false},"excerpt":{"rendered":"<p>En compliment de la Llei Org\u00e0nica 3\/2018, LOPD-GDD de Protecci\u00f3 de Dades Personals i Garantia i Drets Digitals, Reglament Europeu [&hellip;]<\/p>\n","protected":false},"author":5,"featured_media":0,"parent":0,"menu_order":0,"comment_status":"closed","ping_status":"closed","template":"","meta":{"footnotes":""},"class_list":["post-5155","page","type-page","status-publish","hentry"],"_links":{"self":[{"href":"https:\/\/spm360.com\/ca\/wp-json\/wp\/v2\/pages\/5155","targetHints":{"allow":["GET"]}}],"collection":[{"href":"https:\/\/spm360.com\/ca\/wp-json\/wp\/v2\/pages"}],"about":[{"href":"https:\/\/spm360.com\/ca\/wp-json\/wp\/v2\/types\/page"}],"author":[{"embeddable":true,"href":"https:\/\/spm360.com\/ca\/wp-json\/wp\/v2\/users\/5"}],"replies":[{"embeddable":true,"href":"https:\/\/spm360.com\/ca\/wp-json\/wp\/v2\/comments?post=5155"}],"version-history":[{"count":0,"href":"https:\/\/spm360.com\/ca\/wp-json\/wp\/v2\/pages\/5155\/revisions"}],"wp:attachment":[{"href":"https:\/\/spm360.com\/ca\/wp-json\/wp\/v2\/media?parent=5155"}],"curies":[{"name":"wp","href":"https:\/\/api.w.org\/{rel}","templated":true}]}}