{"id":5144,"date":"2021-09-27T12:44:02","date_gmt":"2021-09-27T10:44:02","guid":{"rendered":"https:\/\/spm360.com\/serveis\/campanyes-de-billing-i-transpromo"},"modified":"2025-06-26T14:55:46","modified_gmt":"2025-06-26T12:55:46","slug":"billing-transpromo","status":"publish","type":"page","link":"https:\/\/spm360.com\/ca\/billing-transpromo","title":{"rendered":"Billing i Transpromo"},"content":{"rendered":"<p><div class=\"fusion-fullwidth fullwidth-box fusion-builder-row-1 fusion-flex-container nonhundred-percent-fullwidth non-hundred-percent-height-scrolling\" style=\"background-color: #ffffff;background-position: center center;background-repeat: no-repeat;border-width: 0px 0px 0px 0px;border-color:#eae9e9;border-style:solid;\" ><div class=\"fusion-builder-row fusion-row fusion-flex-align-items-flex-start\" style=\"max-width:1248px;margin-left: calc(-4% \/ 2 );margin-right: calc(-4% \/ 2 );\"><div class=\"fusion-layout-column fusion_builder_column fusion-builder-column-0 fusion_builder_column_1_2 1_2 fusion-flex-column\"><div class=\"fusion-column-wrapper fusion-flex-justify-content-flex-start fusion-content-layout-column\" style=\"background-position:left top;background-repeat:no-repeat;-webkit-background-size:cover;-moz-background-size:cover;-o-background-size:cover;background-size:cover;padding: 0px 0px 0px 0px;\"><style type=\"text\/css\">@media only screen and (max-width:1024px) {.fusion-title.fusion-title-1{margin-top:10px!important; margin-right:0px!important;margin-bottom:15px!important;margin-left:0px!important;}}@media only screen and (max-width:640px) {.fusion-title.fusion-title-1{margin-top:10px!important; margin-right:0px!important;margin-bottom:10px!important; margin-left:0px!important;}}<\/style><div class=\"fusion-title title fusion-title-1 fusion-sep-none fusion-title-text fusion-title-size-one fusion-animated\" style=\"margin-top:10px;margin-right:0px;margin-bottom:15px;margin-left:0px;\" data-animationType=\"lightspeedin\" data-animationDuration=\"0.3\" data-animationOffset=\"top-into-view\"><h1 class=\"title-heading-left fusion-responsive-typography-calculated\" style=\"margin:0;--fontSize:64;line-height:1.16;\">Serveis de Billing i Transpromo<\/h1><\/div><div class=\"fusion-text fusion-text-1\" style=\"font-size:17px;color:#4f4f4f;\"><p>Aconsegueix un punt de trobada fix i mensual amb els teus clients que reforci la relaci\u00f3, fidelitzaci\u00f3 i vinculaci\u00f3 amb ells.<\/p>\n<\/div><\/div><style type=\"text\/css\">.fusion-body .fusion-builder-column-0{width:50% !important;margin-top : 0px;margin-bottom : 20px;}.fusion-builder-column-0 > .fusion-column-wrapper {padding-top : 0px !important;padding-right : 0px !important;margin-right : 3.84%;padding-bottom : 0px !important;padding-left : 0px !important;margin-left : 3.84%;}@media only screen and (max-width:1024px) {.fusion-body .fusion-builder-column-0{width:50% !important;order : 0;}.fusion-builder-column-0 > .fusion-column-wrapper {margin-right : 3.84%;margin-left : 3.84%;}}@media only screen and (max-width:640px) {.fusion-body .fusion-builder-column-0{width:100% !important;order : 0;}.fusion-builder-column-0 > .fusion-column-wrapper {margin-right : 1.92%;margin-left : 1.92%;}}<\/style><\/div><div class=\"fusion-layout-column fusion_builder_column fusion-builder-column-1 fusion_builder_column_1_2 1_2 fusion-flex-column\"><div class=\"fusion-column-wrapper fusion-flex-justify-content-flex-start fusion-content-layout-column\" style=\"background-position:left top;background-repeat:no-repeat;-webkit-background-size:cover;-moz-background-size:cover;-o-background-size:cover;background-size:cover;padding: 0px 0px 0px 0px;\"><div ><span class=\" fusion-imageframe imageframe-none imageframe-1 hover-type-none\"><img decoding=\"async\" width=\"501\" height=\"501\" alt=\"Serveis de billing i transpromo per empreses SPM\" title=\"billing-transpromo-baixa\" src=\"https:\/\/spm360.com\/wp-content\/uploads\/2021\/09\/billing-transpromo-baixa.jpeg\" data-orig-src=\"https:\/\/spm360.com\/wp-content\/uploads\/2021\/09\/billing-transpromo-baixa.jpeg\" class=\"lazyload img-responsive wp-image-4706\" srcset=\"data:image\/svg+xml,%3Csvg%20xmlns%3D%27http%3A%2F%2Fwww.w3.org%2F2000%2Fsvg%27%20width%3D%27501%27%20height%3D%27501%27%20viewBox%3D%270%200%20501%20501%27%3E%3Crect%20width%3D%27501%27%20height%3D%27501%27%20fill-opacity%3D%220%22%2F%3E%3C%2Fsvg%3E\" data-srcset=\"https:\/\/spm360.com\/wp-content\/uploads\/2021\/09\/billing-transpromo-baixa-200x200.jpeg 200w, https:\/\/spm360.com\/wp-content\/uploads\/2021\/09\/billing-transpromo-baixa-400x400.jpeg 400w, https:\/\/spm360.com\/wp-content\/uploads\/2021\/09\/billing-transpromo-baixa.jpeg 501w\" data-sizes=\"auto\" data-orig-sizes=\"(max-width: 640px) 100vw, 501px\" \/><\/span><\/div><\/div><style type=\"text\/css\">.fusion-body .fusion-builder-column-1{width:50% !important;margin-top : 0px;margin-bottom : 20px;}.fusion-builder-column-1 > .fusion-column-wrapper {padding-top : 0px !important;padding-right : 0px !important;margin-right : 3.84%;padding-bottom : 0px !important;padding-left : 0px !important;margin-left : 3.84%;}@media only screen and (max-width:1024px) {.fusion-body .fusion-builder-column-1{width:50% !important;order : 0;}.fusion-builder-column-1 > .fusion-column-wrapper {margin-right : 3.84%;margin-left : 3.84%;}}@media only screen and (max-width:640px) {.fusion-body .fusion-builder-column-1{width:100% !important;order : 0;}.fusion-builder-column-1 > .fusion-column-wrapper {margin-right : 1.92%;margin-left : 1.92%;}}<\/style><\/div><\/div><style type=\"text\/css\">.fusion-body .fusion-flex-container.fusion-builder-row-1{ padding-top : 0px;margin-top : 0px;padding-right : 0px;padding-bottom : 0px;margin-bottom : 0px;padding-left : 0px;}<\/style><\/div><div class=\"fusion-fullwidth fullwidth-box fusion-builder-row-2 fusion-flex-container nonhundred-percent-fullwidth non-hundred-percent-height-scrolling\" style=\"background-color: #ffffff;background-position: center center;background-repeat: no-repeat;border-width: 0px 0px 0px 0px;border-color:#eae9e9;border-style:solid;\" ><div class=\"fusion-builder-row fusion-row fusion-flex-align-items-stretch\" style=\"max-width:calc( 1200px + 15px );margin-left: calc(-15px \/ 2 );margin-right: calc(-15px \/ 2 );\"><div class=\"fusion-layout-column fusion_builder_column fusion-builder-column-2 fusion-flex-column\"><div class=\"fusion-column-wrapper fusion-flex-justify-content-flex-start fusion-content-layout-column\" style=\"background-position:left top;background-repeat:no-repeat;-webkit-background-size:cover;-moz-background-size:cover;-o-background-size:cover;background-size:cover;padding: 0px 0px 0px 0px;\"><div class=\"fusion-menu-anchor\" id=\"billing\"><\/div><style type=\"text\/css\">@media only screen and (max-width:1024px) {.fusion-title.fusion-title-2{margin-top:0px!important; margin-right:0px!important;margin-bottom:0px!important;margin-left:0px!important;}}@media only screen and (max-width:640px) {.fusion-title.fusion-title-2{margin-top:10px!important; margin-right:0px!important;margin-bottom:10px!important; margin-left:0px!important;}}<\/style><div class=\"fusion-title title fusion-title-2 fusion-sep-none fusion-title-text fusion-title-size-three\" style=\"font-size:28px;margin-top:0px;margin-right:0px;margin-bottom:0px;margin-left:0px;\"><h3 class=\"title-heading-left fusion-responsive-typography-calculated\" style=\"font-family:&quot;Poppins&quot;;font-weight:600;margin:0;font-size:1em;color:#4f4f4f;--fontSize:28;line-height:1.3;\">Billing<\/h3><\/div><div class=\"fusion-text fusion-text-2\" style=\"color:#828282;\"><p>Externalitza l&#8217;emissi\u00f3 dels teus documents i optimitza en recursos i temps.<\/p>\n<\/div><div class=\"fusion-text fusion-text-3\"><p>Ens ocupem de l&#8217;externalitzaci\u00f3 de la generaci\u00f3 i l&#8217;enviament de les factures.<\/p>\n<p>Amb el nostre servei de billing, adeq\u00fcem els teus arxius i preparem les bases de dades dels teus clients, per a la posterior impressi\u00f3, manipulat, ensobrat i franqueig.<\/p>\n<p>Converteix les teves despeses fixes en variables i optimitza en recursos i temps.<\/p>\n<\/div><\/div><style type=\"text\/css\">.fusion-body .fusion-builder-column-2{width:37.5% !important;margin-top : 0px;margin-bottom : 20px;}.fusion-builder-column-2 > .fusion-column-wrapper {padding-top : 0px !important;padding-right : 0px !important;margin-right : 54.5px;padding-bottom : 0px !important;padding-left : 0px !important;margin-left : 7.5px;}@media only screen and (max-width:1024px) {.fusion-body .fusion-builder-column-2{width:37.5% !important;order : 0;}.fusion-builder-column-2 > .fusion-column-wrapper {margin-right : 54.5px;margin-left : 7.5px;}}@media only screen and (max-width:640px) {.fusion-body .fusion-builder-column-2{width:100% !important;order : 0;}.fusion-builder-column-2 > .fusion-column-wrapper {margin-right : 7.5px;margin-left : 7.5px;}}<\/style><\/div><div class=\"fusion-layout-column fusion_builder_column fusion-builder-column-3 fusion-flex-column\"><div class=\"fusion-column-wrapper fusion-flex-justify-content-flex-start fusion-content-layout-column\" style=\"background-position:left top;background-repeat:no-repeat;-webkit-background-size:cover;-moz-background-size:cover;-o-background-size:cover;background-size:cover;padding: 0px 0px 0px 0px;\"><div class=\"fusion-menu-anchor\" id=\"transpromo\"><\/div><style type=\"text\/css\">@media only screen and (max-width:1024px) {.fusion-title.fusion-title-3{margin-top:0px!important; margin-right:0px!important;margin-bottom:0px!important;margin-left:0px!important;}}@media only screen and (max-width:640px) {.fusion-title.fusion-title-3{margin-top:10px!important; margin-right:0px!important;margin-bottom:10px!important; margin-left:0px!important;}}<\/style><div class=\"fusion-title title fusion-title-3 fusion-sep-none fusion-title-text fusion-title-size-three\" style=\"font-size:28px;margin-top:0px;margin-right:0px;margin-bottom:0px;margin-left:0px;\"><h3 class=\"title-heading-left fusion-responsive-typography-calculated\" style=\"font-family:&quot;Poppins&quot;;font-weight:600;margin:0;font-size:1em;color:#4f4f4f;--fontSize:28;line-height:1.3;\">Transpromo<\/h3><\/div><div class=\"fusion-text fusion-text-4\" style=\"color:#828282;\"><p>Converteix les teves comunicacions en suports publicitaris efica\u00e7os.<\/p>\n<\/div><div class=\"fusion-text fusion-text-5\"><p><span style=\"vertical-align: inherit;\"><span style=\"vertical-align: inherit;\">Fidelitza als teus clients amb la t\u00e8cnica del cross selling convertint les teves comunicacions transaccionals en un suport publicitari efica\u00e7.<\/span><\/span><\/p>\n<p><span style=\"vertical-align: inherit;\"><span style=\"vertical-align: inherit;\">Combina els teus documents transaccionals amb missatges promocionals i aconsegueix, no nom\u00e9s Garantir la lectura del missatge publicitari, sin\u00f3 tamb\u00e9 major impacte i involucraci\u00f3 per part del client.<\/span><\/span><\/p>\n<\/div><\/div><style type=\"text\/css\">.fusion-body .fusion-builder-column-3{width:37.5% !important;margin-top : 0px;margin-bottom : 20px;}.fusion-builder-column-3 > .fusion-column-wrapper {padding-top : 0px !important;padding-right : 0px !important;margin-right : 54.5px;padding-bottom : 0px !important;padding-left : 0px !important;margin-left : 7.5px;}@media only screen and (max-width:1024px) {.fusion-body .fusion-builder-column-3{width:37.5% !important;order : 0;}.fusion-builder-column-3 > .fusion-column-wrapper {margin-right : 54.5px;margin-left : 7.5px;}}@media only screen and (max-width:640px) {.fusion-body .fusion-builder-column-3{width:100% !important;order : 0;}.fusion-builder-column-3 > .fusion-column-wrapper {margin-right : 7.5px;margin-left : 7.5px;}}<\/style><\/div><div class=\"fusion-layout-column fusion_builder_column fusion-builder-column-4 fusion_builder_column_1_4 1_4 fusion-flex-column formulario-flotante sticky\"><div class=\"fusion-column-wrapper fusion-column-has-shadow fusion-flex-justify-content-flex-start fusion-content-layout-column\" style=\"background-position:left top;background-repeat:no-repeat;-webkit-background-size:cover;-moz-background-size:cover;-o-background-size:cover;background-size:cover;border-radius:20px 20px 20px 20px;background-color:#ffffff;border-radius:20px 20px 20px 20px;overflow:hidden;box-shadow:1px 1px 5px 0px rgba(0,0,0,0.5);;padding: 20px 20px 0px 20px;\"><style type=\"text\/css\">@media only screen and (max-width:1024px) {.fusion-title.fusion-title-4{margin-top:0px!important; margin-right:0px!important;margin-bottom:0px!important;margin-left:0px!important;}}@media only screen and (max-width:640px) {.fusion-title.fusion-title-4{margin-top:10px!important; margin-right:0px!important;margin-bottom:10px!important; margin-left:0px!important;}}<\/style><div class=\"fusion-title title fusion-title-4 fusion-sep-none fusion-title-text fusion-title-size-div\" style=\"font-size:28px;margin-top:0px;margin-right:0px;margin-bottom:0px;margin-left:0px;\"><div class=\"title-heading-left title-heading-tag fusion-responsive-typography-calculated\" style=\"font-family:&quot;Poppins&quot;;font-weight:600;margin:0;font-size:1em;--fontSize:28;line-height:1.8;\"><span style=\"vertical-align: inherit;\"><span style=\"vertical-align: inherit;\">parlem<\/span><\/span><\/div><\/div><div class=\"fusion-text fusion-text-6\"><p>Estarem encantats de con\u00e8ixer el teu projecte. Escriu-nos i explica&#8217;ns qu\u00e8 necessites!<\/p>\n<\/div>\n<div class=\"wpcf7 no-js\" id=\"wpcf7-f5194-o1\" lang=\"es-ES\" dir=\"ltr\" data-wpcf7-id=\"5194\">\n<div class=\"screen-reader-response\"><p role=\"status\" aria-live=\"polite\" aria-atomic=\"true\"><\/p> <ul><\/ul><\/div>\n<form action=\"\/ca\/wp-json\/wp\/v2\/pages\/5144#wpcf7-f5194-o1\" method=\"post\" class=\"wpcf7-form init wpcf7-acceptance-as-validation\" aria-label=\"Formulario de contacto\" novalidate=\"novalidate\" data-status=\"init\">\n<fieldset class=\"hidden-fields-container\"><input type=\"hidden\" name=\"_wpcf7\" value=\"5194\" \/><input type=\"hidden\" name=\"_wpcf7_version\" value=\"6.1.5\" \/><input type=\"hidden\" name=\"_wpcf7_locale\" value=\"es_ES\" \/><input type=\"hidden\" name=\"_wpcf7_unit_tag\" value=\"wpcf7-f5194-o1\" \/><input type=\"hidden\" name=\"_wpcf7_container_post\" value=\"0\" \/><input type=\"hidden\" name=\"_wpcf7_posted_data_hash\" value=\"\" \/><input type=\"hidden\" name=\"_wpcf7_recaptcha_response\" value=\"\" \/>\n<\/fieldset>\n<p><label>Nom *<br \/>\n<span class=\"wpcf7-form-control-wrap\" data-name=\"nombre\"><input size=\"40\" maxlength=\"400\" class=\"wpcf7-form-control wpcf7-text wpcf7-validates-as-required\" aria-required=\"true\" aria-invalid=\"false\" value=\"\" type=\"text\" name=\"nombre\" \/><\/span> <\/label>\n<\/p>\n<p><label>Email *<span class=\"wpcf7-form-control-wrap\" data-name=\"email\"><input size=\"40\" maxlength=\"400\" class=\"wpcf7-form-control wpcf7-email wpcf7-validates-as-required wpcf7-text wpcf7-validates-as-email\" aria-required=\"true\" aria-invalid=\"false\" value=\"\" type=\"email\" name=\"email\" \/><\/span><\/label>\n<\/p>\n<p><label>Tel\u00e8fon *<span class=\"wpcf7-form-control-wrap\" data-name=\"telefono\"><input size=\"40\" maxlength=\"400\" class=\"wpcf7-form-control wpcf7-tel wpcf7-validates-as-required wpcf7-text wpcf7-validates-as-tel\" aria-required=\"true\" aria-invalid=\"false\" value=\"\" type=\"tel\" name=\"telefono\" \/><\/span> <\/label>\n<\/p>\n<p><label>Missatge<br \/>\n<span class=\"wpcf7-form-control-wrap\" data-name=\"mensaje\"><textarea cols=\"40\" rows=\"10\" maxlength=\"2000\" class=\"wpcf7-form-control wpcf7-textarea\" aria-invalid=\"false\" name=\"mensaje\"><\/textarea><\/span> <\/label>\n<\/p>\n<p><span class=\"wpcf7-form-control-wrap\" data-name=\"aceptacion\"><span class=\"wpcf7-form-control wpcf7-acceptance\"><span class=\"wpcf7-list-item\"><label><input type=\"checkbox\" name=\"aceptacion\" value=\"1\" aria-invalid=\"false\" \/><span class=\"wpcf7-list-item-label\">He llegit i accepto l'<a href=\"\/ca\/avis-legal\/\" target=\"_blank\">Av\u00eds Legal<\/a> i la <a href=\"\/ca\/politica-privacitat\/\"  target=\"_blank\">Pol\u00edtica de Privacitat<\/a>.<\/span><\/label><\/span><\/span><\/span>\n<\/p>\n<p style=\"text-align:center;\"><input class=\"wpcf7-form-control wpcf7-submit has-spinner\" type=\"submit\" value=\"Enviar\" \/>\n<\/p><div class=\"fusion-alert alert custom alert-custom fusion-alert-center wpcf7-response-output alert-dismissable\" role=\"alert\" style=\"border-width:1px;\"><div class=\"fusion-alert-content-wrapper\"><span class=\"fusion-alert-content\"><\/span><\/div><button type=\"button\" class=\"close toggle-alert\" data-dismiss=\"alert\" aria-label=\"Close\">&times;<\/button><\/div>\n<\/form>\n<\/div>\n<\/div><style type=\"text\/css\">.fusion-body .fusion-builder-column-4{width:25% !important;margin-top : 0px;margin-bottom : 20px;}.fusion-builder-column-4 > .fusion-column-wrapper {padding-top : 20px !important;padding-right : 20px !important;margin-right : 7.5px;padding-bottom : 0 !important;padding-left : 20px !important;margin-left : 7.5px;}@media only screen and (max-width:1024px) {.fusion-body .fusion-builder-column-4{width:25% !important;order : 0;}.fusion-builder-column-4 > .fusion-column-wrapper {margin-right : 7.5px;margin-left : 7.5px;}}@media only screen and (max-width:640px) {.fusion-body .fusion-builder-column-4{width:100% !important;order : 0;margin-top : 20PX;}.fusion-builder-column-4 > .fusion-column-wrapper {margin-right : 7.5px;margin-left : 7.5px;}}<\/style><\/div>\n<\/div><style type=\"text\/css\">.fusion-body .fusion-flex-container.fusion-builder-row-2{ padding-top : 0px;margin-top : 55px;padding-right : 0px;padding-bottom : 0px;margin-bottom : 0px;padding-left : 0px;}<\/style><\/div><\/p>\n","protected":false},"excerpt":{"rendered":"","protected":false},"author":5,"featured_media":0,"parent":0,"menu_order":0,"comment_status":"closed","ping_status":"closed","template":"100-width.php","meta":{"footnotes":""},"class_list":["post-5144","page","type-page","status-publish","hentry"],"_links":{"self":[{"href":"https:\/\/spm360.com\/ca\/wp-json\/wp\/v2\/pages\/5144","targetHints":{"allow":["GET"]}}],"collection":[{"href":"https:\/\/spm360.com\/ca\/wp-json\/wp\/v2\/pages"}],"about":[{"href":"https:\/\/spm360.com\/ca\/wp-json\/wp\/v2\/types\/page"}],"author":[{"embeddable":true,"href":"https:\/\/spm360.com\/ca\/wp-json\/wp\/v2\/users\/5"}],"replies":[{"embeddable":true,"href":"https:\/\/spm360.com\/ca\/wp-json\/wp\/v2\/comments?post=5144"}],"version-history":[{"count":7,"href":"https:\/\/spm360.com\/ca\/wp-json\/wp\/v2\/pages\/5144\/revisions"}],"predecessor-version":[{"id":9132,"href":"https:\/\/spm360.com\/ca\/wp-json\/wp\/v2\/pages\/5144\/revisions\/9132"}],"wp:attachment":[{"href":"https:\/\/spm360.com\/ca\/wp-json\/wp\/v2\/media?parent=5144"}],"curies":[{"name":"wp","href":"https:\/\/api.w.org\/{rel}","templated":true}]}}